{"id":128,"date":"2024-11-01T17:22:40","date_gmt":"2024-11-01T20:22:40","guid":{"rendered":"https:\/\/santaclara.baslysistemas.com.br\/site\/?page_id=128"},"modified":"2025-07-18T09:14:07","modified_gmt":"2025-07-18T12:14:07","slug":"convenios","status":"publish","type":"page","link":"https:\/\/santaclara.baslysistemas.com.br\/site\/convenios\/","title":{"rendered":"Conv\u00eanios"},"content":{"rendered":"\n<div style=\"height:30px\" aria-hidden=\"true\" id=\"resultado\" class=\"wp-block-spacer\"><\/div>\n\n\n\n<div style=\"background-image:url(&apos;https:\/\/santaclara.baslysistemas.com.br\/site\/wp-content\/uploads\/2024\/10\/backgroundflores.png&apos;);background-size:cover;background-attachment:fixed;\" class=\"wp-block-group alignfull has-global-padding is-layout-constrained wp-block-group-is-layout-constrained has-background\">\n<\/div>\n\n\n\n<div class=\"wp-block-columns is-layout-flex wp-container-core-columns-is-layout-28f84493 wp-block-columns-is-layout-flex\">\n<div class=\"wp-block-column is-layout-flow wp-block-column-is-layout-flow\" style=\"flex-basis:100%\">\n<h3 class=\"wp-block-heading\">Siga-nos nas redes sociais.<\/h3>\n\n\n\n<ul class=\"wp-block-social-links aligncenter has-visible-labels is-style-pill-shape is-layout-flex wp-block-social-links-is-layout-flex\"><li class=\"wp-social-link wp-social-link-whatsapp  wp-block-social-link\"><a rel=\"noopener nofollow\" target=\"_blank\" href=\"https:\/\/api.whatsapp.com\/send?phone=5542998169905&#038;text=Gostaria%20de%20mais%20informa%C3%A7%C3%B5es%20sobre%20seus%20servi%C3%A7os.\" class=\"wp-block-social-link-anchor\"><svg width=\"24\" height=\"24\" viewBox=\"0 0 24 24\" version=\"1.1\" xmlns=\"http:\/\/www.w3.org\/2000\/svg\" aria-hidden=\"true\" focusable=\"false\"><path d=\"M 12.011719 2 C 6.5057187 2 2.0234844 6.478375 2.0214844 11.984375 C 2.0204844 13.744375 2.4814687 15.462563 3.3554688 16.976562 L 2 22 L 7.2324219 20.763672 C 8.6914219 21.559672 10.333859 21.977516 12.005859 21.978516 L 12.009766 21.978516 C 17.514766 21.978516 21.995047 17.499141 21.998047 11.994141 C 22.000047 9.3251406 20.962172 6.8157344 19.076172 4.9277344 C 17.190172 3.0407344 14.683719 2.001 12.011719 2 z M 12.009766 4 C 14.145766 4.001 16.153109 4.8337969 17.662109 6.3417969 C 19.171109 7.8517969 20.000047 9.8581875 19.998047 11.992188 C 19.996047 16.396187 16.413812 19.978516 12.007812 19.978516 C 10.674812 19.977516 9.3544062 19.642812 8.1914062 19.007812 L 7.5175781 18.640625 L 6.7734375 18.816406 L 4.8046875 19.28125 L 5.2851562 17.496094 L 5.5019531 16.695312 L 5.0878906 15.976562 C 4.3898906 14.768562 4.0204844 13.387375 4.0214844 11.984375 C 4.0234844 7.582375 7.6067656 4 12.009766 4 z M 8.4765625 7.375 C 8.3095625 7.375 8.0395469 7.4375 7.8105469 7.6875 C 7.5815469 7.9365 6.9355469 8.5395781 6.9355469 9.7675781 C 6.9355469 10.995578 7.8300781 12.182609 7.9550781 12.349609 C 8.0790781 12.515609 9.68175 15.115234 12.21875 16.115234 C 14.32675 16.946234 14.754891 16.782234 15.212891 16.740234 C 15.670891 16.699234 16.690438 16.137687 16.898438 15.554688 C 17.106437 14.971687 17.106922 14.470187 17.044922 14.367188 C 16.982922 14.263188 16.816406 14.201172 16.566406 14.076172 C 16.317406 13.951172 15.090328 13.348625 14.861328 13.265625 C 14.632328 13.182625 14.464828 13.140625 14.298828 13.390625 C 14.132828 13.640625 13.655766 14.201187 13.509766 14.367188 C 13.363766 14.534188 13.21875 14.556641 12.96875 14.431641 C 12.71875 14.305641 11.914938 14.041406 10.960938 13.191406 C 10.218937 12.530406 9.7182656 11.714844 9.5722656 11.464844 C 9.4272656 11.215844 9.5585938 11.079078 9.6835938 10.955078 C 9.7955938 10.843078 9.9316406 10.663578 10.056641 10.517578 C 10.180641 10.371578 10.223641 10.267562 10.306641 10.101562 C 10.389641 9.9355625 10.347156 9.7890625 10.285156 9.6640625 C 10.223156 9.5390625 9.737625 8.3065 9.515625 7.8125 C 9.328625 7.3975 9.131125 7.3878594 8.953125 7.3808594 C 8.808125 7.3748594 8.6425625 7.375 8.4765625 7.375 z\"><\/path><\/svg><span class=\"wp-block-social-link-label\">WhatsApp<\/span><\/a><\/li>\n\n<li class=\"wp-social-link wp-social-link-facebook  wp-block-social-link\"><a rel=\"noopener nofollow\" target=\"_blank\" href=\"https:\/\/www.facebook.com\/FunerariasantaclaraPalmeiraPR\" class=\"wp-block-social-link-anchor\"><svg width=\"24\" height=\"24\" viewBox=\"0 0 24 24\" version=\"1.1\" xmlns=\"http:\/\/www.w3.org\/2000\/svg\" aria-hidden=\"true\" focusable=\"false\"><path d=\"M12 2C6.5 2 2 6.5 2 12c0 5 3.7 9.1 8.4 9.9v-7H7.9V12h2.5V9.8c0-2.5 1.5-3.9 3.8-3.9 1.1 0 2.2.2 2.2.2v2.5h-1.3c-1.2 0-1.6.8-1.6 1.6V12h2.8l-.4 2.9h-2.3v7C18.3 21.1 22 17 22 12c0-5.5-4.5-10-10-10z\"><\/path><\/svg><span class=\"wp-block-social-link-label\">Facebook<\/span><\/a><\/li>\n\n<li class=\"wp-social-link wp-social-link-instagram  wp-block-social-link\"><a rel=\"noopener nofollow\" target=\"_blank\" href=\"https:\/\/www.instagram.com\/funeraria_santaclara\/\" class=\"wp-block-social-link-anchor\"><svg width=\"24\" height=\"24\" viewBox=\"0 0 24 24\" version=\"1.1\" xmlns=\"http:\/\/www.w3.org\/2000\/svg\" aria-hidden=\"true\" focusable=\"false\"><path d=\"M12,4.622c2.403,0,2.688,0.009,3.637,0.052c0.877,0.04,1.354,0.187,1.671,0.31c0.42,0.163,0.72,0.358,1.035,0.673 c0.315,0.315,0.51,0.615,0.673,1.035c0.123,0.317,0.27,0.794,0.31,1.671c0.043,0.949,0.052,1.234,0.052,3.637 s-0.009,2.688-0.052,3.637c-0.04,0.877-0.187,1.354-0.31,1.671c-0.163,0.42-0.358,0.72-0.673,1.035 c-0.315,0.315-0.615,0.51-1.035,0.673c-0.317,0.123-0.794,0.27-1.671,0.31c-0.949,0.043-1.233,0.052-3.637,0.052 s-2.688-0.009-3.637-0.052c-0.877-0.04-1.354-0.187-1.671-0.31c-0.42-0.163-0.72-0.358-1.035-0.673 c-0.315-0.315-0.51-0.615-0.673-1.035c-0.123-0.317-0.27-0.794-0.31-1.671C4.631,14.688,4.622,14.403,4.622,12 s0.009-2.688,0.052-3.637c0.04-0.877,0.187-1.354,0.31-1.671c0.163-0.42,0.358-0.72,0.673-1.035 c0.315-0.315,0.615-0.51,1.035-0.673c0.317-0.123,0.794-0.27,1.671-0.31C9.312,4.631,9.597,4.622,12,4.622 M12,3 C9.556,3,9.249,3.01,8.289,3.054C7.331,3.098,6.677,3.25,6.105,3.472C5.513,3.702,5.011,4.01,4.511,4.511 c-0.5,0.5-0.808,1.002-1.038,1.594C3.25,6.677,3.098,7.331,3.054,8.289C3.01,9.249,3,9.556,3,12c0,2.444,0.01,2.751,0.054,3.711 c0.044,0.958,0.196,1.612,0.418,2.185c0.23,0.592,0.538,1.094,1.038,1.594c0.5,0.5,1.002,0.808,1.594,1.038 c0.572,0.222,1.227,0.375,2.185,0.418C9.249,20.99,9.556,21,12,21s2.751-0.01,3.711-0.054c0.958-0.044,1.612-0.196,2.185-0.418 c0.592-0.23,1.094-0.538,1.594-1.038c0.5-0.5,0.808-1.002,1.038-1.594c0.222-0.572,0.375-1.227,0.418-2.185 C20.99,14.751,21,14.444,21,12s-0.01-2.751-0.054-3.711c-0.044-0.958-0.196-1.612-0.418-2.185c-0.23-0.592-0.538-1.094-1.038-1.594 c-0.5-0.5-1.002-0.808-1.594-1.038c-0.572-0.222-1.227-0.375-2.185-0.418C14.751,3.01,14.444,3,12,3L12,3z M12,7.378 c-2.552,0-4.622,2.069-4.622,4.622S9.448,16.622,12,16.622s4.622-2.069,4.622-4.622S14.552,7.378,12,7.378z M12,15 c-1.657,0-3-1.343-3-3s1.343-3,3-3s3,1.343,3,3S13.657,15,12,15z M16.804,6.116c-0.596,0-1.08,0.484-1.08,1.08 s0.484,1.08,1.08,1.08c0.596,0,1.08-0.484,1.08-1.08S17.401,6.116,16.804,6.116z\"><\/path><\/svg><span class=\"wp-block-social-link-label\">Instagram<\/span><\/a><\/li><\/ul>\n<\/div>\n<\/div>\n\n\n\n<div style=\"height:16px\" aria-hidden=\"true\" class=\"wp-block-spacer\"><\/div>\n\n\n\n<div class=\"wp-block-group alignfull has-contrast-background-color has-background has-global-padding is-layout-constrained wp-container-core-group-is-layout-c60d2482 wp-block-group-is-layout-constrained\" style=\"margin-top:0;margin-bottom:0;padding-top:var(--wp--preset--spacing--20);padding-right:var(--wp--preset--spacing--50);padding-bottom:var(--wp--preset--spacing--20);padding-left:var(--wp--preset--spacing--50)\">\n<h1 class=\"wp-block-heading has-text-align-center has-base-2-color has-text-color has-link-color has-heading-font-family has-large-font-size wp-elements-aef38b3e43a58933088862dcec0b2755\"><em>Fale conosco, temos plant\u00e3o 24 horas. <\/em><\/h1>\n\n\n\n<div class=\"wp-block-buttons is-content-justification-center is-layout-flex wp-container-core-buttons-is-layout-a89b3969 wp-block-buttons-is-layout-flex\">\n<div class=\"wp-block-button\"><a class=\"wp-block-button__link wp-element-button\" href=\"tel:+5542998169905\">Telefone (42) 99816-9905<\/a><\/div>\n\n\n\n<div class=\"wp-block-button\"><a class=\"wp-block-button__link wp-element-button\" href=\"https:\/\/api.whatsapp.com\/send?phone=5542998169905&amp;text=Gostaria%20de%20mais%20informa%C3%A7%C3%B5es%20sobre%20seus%20servi%C3%A7os.\">WhatsApp (42) 99816-9905<\/a><\/div>\n<\/div>\n<\/div>\n\n\n\n<div class=\"wp-block-columns alignfull is-layout-flex wp-container-core-columns-is-layout-28f84493 wp-block-columns-is-layout-flex\">\n<div class=\"wp-block-column is-layout-flow wp-block-column-is-layout-flow\" style=\"flex-basis:100%\">\n<div class=\"wp-block-group has-base-2-background-color has-background is-vertical is-content-justification-center is-layout-flex wp-container-core-group-is-layout-c2e49038 wp-block-group-is-layout-flex\" style=\"padding-right:var(--wp--preset--spacing--10);padding-left:var(--wp--preset--spacing--10)\">\n<h2 class=\"wp-block-heading has-text-align-center is-style-default has-heading-font-family\" id=\"planos\" style=\"margin-top:var(--wp--preset--spacing--10);margin-bottom:var(--wp--preset--spacing--10)\"><em>Conhe\u00e7a nossos planos<\/em>&#8230;<\/h2>\n\n\n\n<div class=\"wp-block-columns alignwide is-layout-flex wp-container-core-columns-is-layout-28f84493 wp-block-columns-is-layout-flex\">\n<div class=\"wp-block-column has-base-background-color has-text-color has-background has-link-color wp-elements-e9920d198ed298574fd2cfa2461fb7b4 is-layout-flow wp-block-column-is-layout-flow\" style=\"color:#000000;padding-top:2em;padding-right:2em;padding-bottom:2em;padding-left:2em\">\n<h2 class=\"wp-block-heading has-text-align-center\" id=\"single\" style=\"font-size:clamp(24.034px, 1.502rem + ((1vw - 3.2px) * 1.663), 40px);\"><strong>Plano I<\/strong><\/h2>\n\n\n\n<p class=\"has-text-align-center has-normal-font-size\" style=\"line-height:1.5\"><strong>6 pessoas<\/strong><\/p>\n\n\n\n<hr class=\"wp-block-separator has-text-color has-css-opacity has-background is-style-wide\" style=\"background-color:#000000;color:#000000\"\/>\n\n\n\n<ul class=\"wp-block-list has-normal-font-size\">\n<li class=\"has-heading-font-family has-medium-font-size\">Higieniza\u00e7\u00e3o e prepara\u00e7\u00e3o f\u00fanebre b\u00e1sica<\/li>\n\n\n\n<li class=\"has-heading-font-family has-medium-font-size\">Uma mortu\u00e1ria, envernizada<\/li>\n\n\n\n<li class=\"has-heading-font-family has-medium-font-size\">Ornamenta\u00e7\u00e3o com flores artificiais<\/li>\n\n\n\n<li class=\"has-heading-font-family has-medium-font-size\">V\u00e9u simples (padr\u00e3o1)<\/li>\n\n\n\n<li class=\"has-heading-font-family has-medium-font-size\">Uma coroa pequena de flores artificiais<\/li>\n\n\n\n<li class=\"has-heading-font-family has-medium-font-size\">Jogo de casti\u00e7ais e materiais<\/li>\n\n\n\n<li class=\"has-heading-font-family has-medium-font-size\">Livro de presen\u00e7a no funeral<\/li>\n\n\n\n<li class=\"has-heading-font-family has-medium-font-size\">Cesta de caf\u00e9 para o funeral (b\u00e1sica)<\/li>\n\n\n\n<li class=\"has-heading-font-family has-medium-font-size\">Nota de falecimento na r\u00e1dio e m\u00eddia social<\/li>\n\n\n\n<li class=\"has-heading-font-family has-medium-font-size\">Carro f\u00fanebre<\/li>\n\n\n\n<li class=\"has-heading-font-family has-medium-font-size\">Translado com 150km<\/li>\n<\/ul>\n\n\n\n<div style=\"height:100px\" aria-hidden=\"true\" class=\"wp-block-spacer\"><\/div>\n\n\n\n<div class=\"wp-block-buttons alignfull is-horizontal is-content-justification-center is-layout-flex wp-container-core-buttons-is-layout-03627597 wp-block-buttons-is-layout-flex\">\n<div class=\"wp-block-button has-custom-width wp-block-button__width-100 is-style-fill\"><a class=\"wp-block-button__link has-contrast-color has-text-color has-background no-border-radius wp-element-button\" style=\"background-color:#faba59\"><strong>R$ 35,00<\/strong><\/a><\/div>\n<\/div>\n<\/div>\n\n\n\n<div class=\"wp-block-column has-base-background-color has-text-color has-background has-link-color wp-elements-fdf8c6cbe3d68b983d3612cecd5096e8 is-layout-flow wp-block-column-is-layout-flow\" style=\"color:#000000;padding-top:2em;padding-right:2em;padding-bottom:2em;padding-left:2em\">\n<h2 class=\"wp-block-heading has-text-align-center\" id=\"family\" style=\"font-size:clamp(24.034px, 1.502rem + ((1vw - 3.2px) * 1.663), 40px);text-decoration:none\"><strong>Plano II<\/strong> <\/h2>\n\n\n\n<p class=\"has-text-align-center has-normal-font-size\" style=\"line-height:1.5\"><strong>10 pessoas<\/strong><\/p>\n\n\n\n<hr class=\"wp-block-separator has-css-opacity is-style-wide\"\/>\n\n\n\n<ul class=\"wp-block-list has-heading-font-family has-normal-font-size\">\n<li>Higieniza\u00e7\u00e3o e prepara\u00e7\u00e3o f\u00fanebre b\u00e1sica<\/li>\n\n\n\n<li>Uma mortu\u00e1ria, envernizada<\/li>\n\n\n\n<li>Ornamenta\u00e7\u00e3o com flores artificiais<\/li>\n\n\n\n<li>V\u00e9u simples (padr\u00e3o 2)<\/li>\n\n\n\n<li>Uma coroa pequena de flores artificiais<\/li>\n\n\n\n<li>Jogo de casti\u00e7ais e materiais<\/li>\n\n\n\n<li>Livro de presen\u00e7a no funeral<\/li>\n\n\n\n<li>Cesta de caf\u00e9 para o funeral (completo)<\/li>\n\n\n\n<li>Nota de falecimento na r\u00e1dio e m\u00eddia social<\/li>\n\n\n\n<li>Carro f\u00fanebre<\/li>\n\n\n\n<li>Translado com 220km<\/li>\n\n\n\n<li>Comodato por 30 dias de muletas e cadeiras de rodas para o titular e seus dependentes<\/li>\n<\/ul>\n\n\n\n<div style=\"height:60px\" aria-hidden=\"true\" class=\"wp-block-spacer\"><\/div>\n\n\n\n<div class=\"wp-block-buttons alignfull is-horizontal is-content-justification-center is-layout-flex wp-container-core-buttons-is-layout-03627597 wp-block-buttons-is-layout-flex\">\n<div class=\"wp-block-button has-custom-width wp-block-button__width-100 is-style-fill\"><a class=\"wp-block-button__link has-contrast-color has-text-color has-background no-border-radius wp-element-button\" style=\"background-color:#faba59\">R$ 60,00<\/a><\/div>\n<\/div>\n<\/div>\n\n\n\n<div class=\"wp-block-column has-base-background-color has-text-color has-background has-link-color wp-elements-ab1c64b47f9484d15c4d70e3e1e7bb24 is-layout-flow wp-block-column-is-layout-flow\" style=\"color:#000000;padding-top:2em;padding-right:2em;padding-bottom:2em;padding-left:2em\">\n<h2 class=\"wp-block-heading has-text-align-center\" id=\"patron\" style=\"font-size:clamp(24.034px, 1.502rem + ((1vw - 3.2px) * 1.663), 40px);\"><strong>Plano III<\/strong><\/h2>\n\n\n\n<p class=\"has-text-align-center has-normal-font-size\"><strong>12 pessoas<\/strong><\/p>\n\n\n\n<hr class=\"wp-block-separator has-css-opacity is-style-wide\"\/>\n\n\n\n<ul class=\"wp-block-list has-heading-font-family has-normal-font-size\">\n<li>Higieniza\u00e7\u00e3o e prepara\u00e7\u00e3o f\u00fanebre b\u00e1sica<\/li>\n\n\n\n<li>Uma mortu\u00e1ria de alto padr\u00e3o (semi-luxo)<\/li>\n\n\n\n<li>Ornamenta\u00e7\u00e3o com flores artificiais<\/li>\n\n\n\n<li>V\u00e9u semi-luxo<\/li>\n\n\n\n<li>Uma coroa pequena de flores artificiais<\/li>\n\n\n\n<li>Jogo de casti\u00e7ais e materiais<\/li>\n\n\n\n<li>Livro de presen\u00e7a no funeral<\/li>\n\n\n\n<li>Cesta de caf\u00e9 para o funeral (completo)<\/li>\n\n\n\n<li>Nota de falecimento na r\u00e1dio e m\u00eddia social<\/li>\n\n\n\n<li>Carro f\u00fanebre<\/li>\n\n\n\n<li>Translado com 300km<\/li>\n\n\n\n<li>Vestimentas<\/li>\n\n\n\n<li>Comodato por 30 dias de muletas e cadeiras de rodas para o titular e seus<\/li>\n<\/ul>\n\n\n\n<div style=\"height:37px\" aria-hidden=\"true\" class=\"wp-block-spacer\"><\/div>\n\n\n\n<div class=\"wp-block-buttons alignfull is-horizontal is-content-justification-center is-layout-flex wp-container-core-buttons-is-layout-03627597 wp-block-buttons-is-layout-flex\">\n<div class=\"wp-block-button has-custom-width wp-block-button__width-100 is-style-fill\"><a class=\"wp-block-button__link has-contrast-color has-text-color has-background no-border-radius wp-element-button\" style=\"background-color:#faba59\"><strong>R$ 100,00<\/strong><\/a><\/div>\n<\/div>\n<\/div>\n<\/div>\n\n\n\n<div class=\"wp-block-columns alignwide is-layout-flex wp-container-core-columns-is-layout-33233fb6 wp-block-columns-is-layout-flex\" style=\"margin-top:var(--wp--preset--spacing--20);margin-bottom:var(--wp--preset--spacing--20)\">\n<div class=\"wp-block-column has-base-background-color has-text-color has-background has-link-color wp-elements-3785226523affd1b85fab8f29989cd40 is-layout-flow wp-block-column-is-layout-flow\" style=\"color:#000000;padding-top:2em;padding-right:2em;padding-bottom:2em;padding-left:2em\">\n<h2 class=\"wp-block-heading has-text-align-center\" id=\"single\" style=\"font-size:clamp(24.034px, 1.502rem + ((1vw - 3.2px) * 1.663), 40px);\"><strong>Plano <\/strong>IV<\/h2>\n\n\n\n<p class=\"has-text-align-center has-normal-font-size\" style=\"line-height:1.5\"><strong>12 pessoas<\/strong><\/p>\n\n\n\n<hr class=\"wp-block-separator has-text-color has-css-opacity has-background is-style-wide\" style=\"background-color:#000000;color:#000000\"\/>\n\n\n\n<ul class=\"wp-block-list has-heading-font-family has-normal-font-size\">\n<li>Higieniza\u00e7\u00e3o e prepara\u00e7\u00e3o f\u00fanebre b\u00e1sica<\/li>\n\n\n\n<li>Tanatopraxia<\/li>\n\n\n\n<li>Uma mortu\u00e1ria semi luxo<\/li>\n\n\n\n<li>Ornamenta\u00e7\u00e3o com flores artificiais<\/li>\n\n\n\n<li>V\u00e9u luxo<\/li>\n\n\n\n<li>Uma coroa grande de flores artificiais<\/li>\n\n\n\n<li>Jogo de casti\u00e7ais e materiais<\/li>\n\n\n\n<li>Livro de presen\u00e7a no funeral<\/li>\n\n\n\n<li>Cesta de caf\u00e9 para o funeral (completo)<\/li>\n\n\n\n<li>Nota de falecimento na r\u00e1dio e m\u00eddia social<\/li>\n\n\n\n<li>Direito a 12 (doze) pessoas no plano<\/li>\n\n\n\n<li>Carro f\u00fanebre<\/li>\n\n\n\n<li>Translado com 250km (125km de ida e 125km de volta)<\/li>\n\n\n\n<li>Capela mortu\u00e1ria pr\u00f3pria<\/li>\n\n\n\n<li>Comodato por 30 dias de muletas e cadeiras de rodas para o titular e seus<\/li>\n<\/ul>\n\n\n\n<div style=\"height:35px\" aria-hidden=\"true\" class=\"wp-block-spacer\"><\/div>\n\n\n\n<div class=\"wp-block-buttons alignfull is-horizontal is-content-justification-center is-layout-flex wp-container-core-buttons-is-layout-03627597 wp-block-buttons-is-layout-flex\">\n<div class=\"wp-block-button has-custom-width wp-block-button__width-100 is-style-fill\"><a class=\"wp-block-button__link has-contrast-color has-text-color has-background no-border-radius wp-element-button\" style=\"background-color:#faba59\"><strong>R$ 200,00<\/strong><\/a><\/div>\n<\/div>\n<\/div>\n\n\n\n<div class=\"wp-block-column has-base-background-color has-text-color has-background has-link-color wp-elements-67dab1841487c61ae8a9ff17982cbde0 is-layout-flow wp-block-column-is-layout-flow\" style=\"color:#000000;padding-top:2em;padding-right:2em;padding-bottom:2em;padding-left:2em\">\n<h2 class=\"wp-block-heading has-text-align-center\" id=\"family\" style=\"font-size:clamp(24.034px, 1.502rem + ((1vw - 3.2px) * 1.663), 40px);\"><strong>Plano V<\/strong><\/h2>\n\n\n\n<p class=\"has-text-align-center has-normal-font-size\" style=\"line-height:1.5\"><strong>10 pessoas<\/strong><\/p>\n\n\n\n<hr class=\"wp-block-separator has-css-opacity is-style-wide\"\/>\n\n\n\n<ul class=\"wp-block-list has-heading-font-family has-normal-font-size\">\n<li>Higieniza\u00e7\u00e3o e prepara\u00e7\u00e3o f\u00fanebre b\u00e1sica<\/li>\n\n\n\n<li>Tanatopraxia<\/li>\n\n\n\n<li>Uma mortu\u00e1ria semi luxo<\/li>\n\n\n\n<li>Ornamenta\u00e7\u00e3o com flores artificiais<\/li>\n\n\n\n<li>V\u00e9u semi luxo<\/li>\n\n\n\n<li>Uma coroa m\u00e9dia de flores artificiais<\/li>\n\n\n\n<li>Jogo de casti\u00e7ais e materiais<\/li>\n\n\n\n<li>Livro de presen\u00e7a no funeral<\/li>\n\n\n\n<li>Cesta de caf\u00e9 para o funeral (Completo)<\/li>\n\n\n\n<li>Nota de falecimento na r\u00e1dio e m\u00eddia social<\/li>\n\n\n\n<li>Carro f\u00fanebre<\/li>\n\n\n\n<li>Direito a 10 (dez) pessoas no plano<\/li>\n\n\n\n<li>Capela mortu\u00e1ria pr\u00f3pria<\/li>\n\n\n\n<li>Translado com 200km (100km de ida e 100km de volta)<\/li>\n\n\n\n<li>Comodato de 30 dias de muletas, cadeiras<\/li>\n<\/ul>\n\n\n\n<div style=\"height:58px\" aria-hidden=\"true\" class=\"wp-block-spacer\"><\/div>\n\n\n\n<div class=\"wp-block-buttons alignfull is-horizontal is-content-justification-center is-layout-flex wp-container-core-buttons-is-layout-03627597 wp-block-buttons-is-layout-flex\">\n<div class=\"wp-block-button has-custom-width wp-block-button__width-100 is-style-fill\"><a class=\"wp-block-button__link has-contrast-color has-text-color has-background no-border-radius wp-element-button\" style=\"background-color:#faba59\"><strong>R$ 160,00<\/strong><\/a><\/div>\n<\/div>\n<\/div>\n\n\n\n<div class=\"wp-block-column has-base-background-color has-text-color has-background has-link-color wp-elements-08b6c90174004454aa1aa5b9b4dd8f61 is-layout-flow wp-block-column-is-layout-flow\" style=\"color:#000000;padding-top:2em;padding-right:2em;padding-bottom:2em;padding-left:2em\">\n<h2 class=\"wp-block-heading has-text-align-center\" id=\"patron\" style=\"font-size:clamp(24.034px, 1.502rem + ((1vw - 3.2px) * 1.663), 40px);\"><strong>Plano VII<\/strong><\/h2>\n\n\n\n<p class=\"has-text-align-center has-normal-font-size\"><strong>12 pessoas<\/strong><\/p>\n\n\n\n<hr class=\"wp-block-separator has-css-opacity is-style-wide\"\/>\n\n\n\n<ul class=\"wp-block-list has-heading-font-family has-normal-font-size\">\n<li>Higieniza\u00e7\u00e3o e prepara\u00e7\u00e3o f\u00fanebre b\u00e1sica<\/li>\n\n\n\n<li>Uma mortu\u00e1ria de alto padr\u00e3o (semi luxo)<\/li>\n\n\n\n<li>Ornamenta\u00e7\u00e3o com flores artificiais<\/li>\n\n\n\n<li>V\u00e9u semi-luxo<\/li>\n\n\n\n<li>Uma coroa pequena de flores artificiais<\/li>\n\n\n\n<li>Jogo de casti\u00e7ais e materiais<\/li>\n\n\n\n<li>Livro de presen\u00e7a no funeral<\/li>\n\n\n\n<li>Cesta de caf\u00e9 para o funeral (completo)<\/li>\n\n\n\n<li>Nota de falecimento na r\u00e1dio e m\u00eddia social<\/li>\n\n\n\n<li>Carro f\u00fanebre<\/li>\n\n\n\n<li>Translado com 300km<\/li>\n\n\n\n<li>Vestimentas<\/li>\n\n\n\n<li>Comodato por 30 dias de muletas e cadeiras de rodas para o titular e seus<\/li>\n<\/ul>\n\n\n\n<div style=\"height:82px\" aria-hidden=\"true\" class=\"wp-block-spacer\"><\/div>\n\n\n\n<div class=\"wp-block-buttons alignfull is-horizontal is-content-justification-center is-layout-flex wp-container-core-buttons-is-layout-03627597 wp-block-buttons-is-layout-flex\">\n<div class=\"wp-block-button has-custom-width wp-block-button__width-100 is-style-fill\"><a class=\"wp-block-button__link has-contrast-color has-text-color has-background no-border-radius wp-element-button\" style=\"background-color:#faba59\"><strong>R$ 100,00<\/strong><\/a><\/div>\n<\/div>\n<\/div>\n<\/div>\n\n\n\n<div style=\"height:0px\" aria-hidden=\"true\" class=\"wp-block-spacer wp-container-content-4f2ccadb\"><\/div>\n<\/div>\n<\/div>\n<\/div>\n","protected":false},"excerpt":{"rendered":"<p>Siga-nos nas redes sociais.<\/p>\n","protected":false},"author":1,"featured_media":0,"parent":0,"menu_order":0,"comment_status":"closed","ping_status":"closed","template":"","meta":{"_uag_custom_page_level_css":"","footnotes":""},"class_list":["post-128","page","type-page","status-publish","hentry"],"uagb_featured_image_src":{"full":false,"thumbnail":false,"medium":false,"medium_large":false,"large":false,"1536x1536":false,"2048x2048":false},"uagb_author_info":{"display_name":"newton","author_link":"https:\/\/santaclara.baslysistemas.com.br\/site\/author\/newton\/"},"uagb_comment_info":0,"uagb_excerpt":"Siga-nos nas redes sociais.","_links":{"self":[{"href":"https:\/\/santaclara.baslysistemas.com.br\/site\/wp-json\/wp\/v2\/pages\/128","targetHints":{"allow":["GET"]}}],"collection":[{"href":"https:\/\/santaclara.baslysistemas.com.br\/site\/wp-json\/wp\/v2\/pages"}],"about":[{"href":"https:\/\/santaclara.baslysistemas.com.br\/site\/wp-json\/wp\/v2\/types\/page"}],"author":[{"embeddable":true,"href":"https:\/\/santaclara.baslysistemas.com.br\/site\/wp-json\/wp\/v2\/users\/1"}],"replies":[{"embeddable":true,"href":"https:\/\/santaclara.baslysistemas.com.br\/site\/wp-json\/wp\/v2\/comments?post=128"}],"version-history":[{"count":14,"href":"https:\/\/santaclara.baslysistemas.com.br\/site\/wp-json\/wp\/v2\/pages\/128\/revisions"}],"predecessor-version":[{"id":198,"href":"https:\/\/santaclara.baslysistemas.com.br\/site\/wp-json\/wp\/v2\/pages\/128\/revisions\/198"}],"wp:attachment":[{"href":"https:\/\/santaclara.baslysistemas.com.br\/site\/wp-json\/wp\/v2\/media?parent=128"}],"curies":[{"name":"wp","href":"https:\/\/api.w.org\/{rel}","templated":true}]}}